{"id":51,"date":"2015-04-28T15:39:41","date_gmt":"2015-04-28T13:39:41","guid":{"rendered":"https:\/\/staging.artipelag.se\/?page_id=51"},"modified":"2024-04-16T10:00:45","modified_gmt":"2024-04-16T08:00:45","slug":"artpass","status":"publish","type":"page","link":"https:\/\/staging.artipelag.se\/en\/about-the-art-operations\/artpass\/","title":{"rendered":"Art.Pass"},"content":{"rendered":"\n<div class=\"wp-block-cover is-light\"><span aria-hidden=\"true\" class=\"wp-block-cover__background has-background-dim-30 has-background-dim\"><\/span><img loading=\"lazy\" decoding=\"async\" width=\"1170\" height=\"488\" class=\"wp-block-cover__image-background skip-lazy wp-image-4067\" alt=\"\" src=\"https:\/\/staging.artipelag.se\/app\/uploads\/2015\/04\/bild_artpass.jpg\" style=\"object-position:50% 50%\" data-object-fit=\"cover\" data-object-position=\"50% 50%\"\/><div class=\"wp-block-cover__inner-container is-layout-flow wp-block-cover-is-layout-flow\"><div class=\"max-w-screen-md mt-5 mx-auto first:mt-0\">\n<h1 id=\"discover-more-with-artipelag-art-pass\" class=\" wp-block-heading\">Discover More with Artipelag Art.Pass<\/h1>\n<\/div><\/div><\/div>\n\n\n<div class=\"max-w-screen-md mt-5 mx-auto first:mt-0\"><div\n  class=\"prose sm:prose-lg lg:prose-xl\"\n  x-data=\"\"\n  x-init=\"$nextTick(function () {\n    const videoEmbeds = document.querySelectorAll('.wp-block-embed.is-type-video');\n    videoEmbeds.forEach(function (embed) {\n      if (!embed.classList.contains('wp-embed-aspect-16-9') || !embed.classList.contains('wp-has-aspect-ratio')) {\n        embed.classList.add('wp-embed-aspect-16-9', 'wp-has-aspect-ratio');\n      }\n    });\n  })\"\n>\n  \n<p>Art.Pass is Artipelag\u2019s membership card, a 12 month unlimited-access card to the art exhibitions!<\/p>\n\n<\/div>\n<\/div>\n\n<div class=\"max-w-screen-md mt-5 mx-auto first:mt-0\"><div\n  class=\"prose sm:prose-lg lg:prose-xl\"\n  x-data=\"\"\n  x-init=\"$nextTick(function () {\n    const videoEmbeds = document.querySelectorAll('.wp-block-embed.is-type-video');\n    videoEmbeds.forEach(function (embed) {\n      if (!embed.classList.contains('wp-embed-aspect-16-9') || !embed.classList.contains('wp-has-aspect-ratio')) {\n        embed.classList.add('wp-embed-aspect-16-9', 'wp-has-aspect-ratio');\n      }\n    });\n  })\"\n>\n  \n<p>Art.Pass can be purchased in the information on the ground floor and in our <a href=\"https:\/\/butik.staging.artipelag.se\/product\/presenttips\/populara-produkter\/art-pass\/\" target=\"_blank\" rel=\"noreferrer noopener\">web shop<\/a>.<\/p>\n\n<\/div>\n<\/div>\n\n<div class=\"max-w-screen-md mt-5 mt-5 mx-auto xl:mt-8 xl:mt-8 mt-5 mx-auto xl:mt-8 first:mt-0\">\n<h2 id=\"art-pass-includes\" class=\" wp-block-heading\">Art.Pass Includes<\/h2>\n<\/div>\n\n<div class=\"max-w-screen-md mt-5 mx-auto first:mt-0\"><div\n  class=\"prose sm:prose-lg lg:prose-xl\"\n  x-data=\"\"\n  x-init=\"$nextTick(function () {\n    const videoEmbeds = document.querySelectorAll('.wp-block-embed.is-type-video');\n    videoEmbeds.forEach(function (embed) {\n      if (!embed.classList.contains('wp-embed-aspect-16-9') || !embed.classList.contains('wp-has-aspect-ratio')) {\n        embed.classList.add('wp-embed-aspect-16-9', 'wp-has-aspect-ratio');\n      }\n    });\n  })\"\n>\n  \n<ul class=\"pl-8 lg:pl-10 list-disc\" class=\"wp-block-list\">\n<li>Free admission to all exhibitions for 12 months (counted from the date of purchase).<\/li>\n\n\n\n<li>Selected offers in B\u00e5dan Caf\u00e9 &amp; P\u00e2tisserie, Artipelag Restaurant and the Design Shop.<\/li>\n\n\n\n<li>Invitations to activities.<\/li>\n<\/ul>\n\n<\/div>\n<\/div>\n\n<div class=\"max-w-screen-md mt-5 mx-auto first:mt-0\"><div\n  class=\"prose sm:prose-lg lg:prose-xl\"\n  x-data=\"\"\n  x-init=\"$nextTick(function () {\n    const videoEmbeds = document.querySelectorAll('.wp-block-embed.is-type-video');\n    videoEmbeds.forEach(function (embed) {\n      if (!embed.classList.contains('wp-embed-aspect-16-9') || !embed.classList.contains('wp-has-aspect-ratio')) {\n        embed.classList.add('wp-embed-aspect-16-9', 'wp-has-aspect-ratio');\n      }\n    });\n  })\"\n>\n  \n<p>Art.Pass does not include free admission to concerts and experiences in our event hall The Artbox, although Art.Pass members can receive special offers on such events.   <\/p>\n\n<\/div>\n<\/div>\n\n<div class=\"max-w-screen-md mt-5 mt-5 mx-auto xl:mt-8 xl:mt-8 mt-5 mx-auto xl:mt-8 first:mt-0\">\n<h2 id=\"prices\" class=\" wp-block-heading\">Prices <\/h2>\n<\/div>\n\n<div class=\"max-w-screen-md mt-5 mx-auto first:mt-0\"><div\n  class=\"prose sm:prose-lg lg:prose-xl\"\n  x-data=\"\"\n  x-init=\"$nextTick(function () {\n    const videoEmbeds = document.querySelectorAll('.wp-block-embed.is-type-video');\n    videoEmbeds.forEach(function (embed) {\n      if (!embed.classList.contains('wp-embed-aspect-16-9') || !embed.classList.contains('wp-has-aspect-ratio')) {\n        embed.classList.add('wp-embed-aspect-16-9', 'wp-has-aspect-ratio');\n      }\n    });\n  })\"\n>\n  \n<ul class=\"pl-8 lg:pl-10 list-disc\" class=\"wp-block-list\">\n<li>Adults (age 19\u201364 years): SEK 500<\/li>\n\n\n\n<li>Seniors (age 65+) and students: SEK&nbsp;450<\/li>\n\n\n\n<li>Students: SEK 400 <\/li>\n<\/ul>\n\n<\/div>\n<\/div>\n\n<div class=\"max-w-screen-md mt-5 mx-auto first:mt-0\"><div\n  class=\"prose sm:prose-lg lg:prose-xl\"\n  x-data=\"\"\n  x-init=\"$nextTick(function () {\n    const videoEmbeds = document.querySelectorAll('.wp-block-embed.is-type-video');\n    videoEmbeds.forEach(function (embed) {\n      if (!embed.classList.contains('wp-embed-aspect-16-9') || !embed.classList.contains('wp-has-aspect-ratio')) {\n        embed.classList.add('wp-embed-aspect-16-9', 'wp-has-aspect-ratio');\n      }\n    });\n  })\"\n>\n  \n<div class=\"wp-block-buttons is-layout-flex wp-block-buttons-is-layout-flex\">\n<div class=\"wp-block-button\"><a class=\"wp-block-button__link wp-element-button\" href=\"https:\/\/butik.staging.artipelag.se\/product\/presenttips\/populara-produkter\/art-pass\/\" target=\"_blank\" rel=\"noreferrer noopener\">Buy Art.Pass<\/a><\/div>\n<\/div>\n\n<\/div>\n<\/div>\n\n<div class=\"max-w-screen-md mt-5 mx-auto first:mt-0\"><div\n  class=\"prose sm:prose-lg lg:prose-xl\"\n  x-data=\"\"\n  x-init=\"$nextTick(function () {\n    const videoEmbeds = document.querySelectorAll('.wp-block-embed.is-type-video');\n    videoEmbeds.forEach(function (embed) {\n      if (!embed.classList.contains('wp-embed-aspect-16-9') || !embed.classList.contains('wp-has-aspect-ratio')) {\n        embed.classList.add('wp-embed-aspect-16-9', 'wp-has-aspect-ratio');\n      }\n    });\n  })\"\n>\n  \n<p>For questions about Artipelag&nbsp;Art.Pass please contact <a href=\"mailto:&#105;n&#102;&#111;&#64;&#115;&#116;&#97;&#103;ing.&#97;rt&#105;p&#101;lag.s&#101;\">in&#102;&#111;&#64;&#115;t&#97;gi&#110;g.a&#114;&#116;&#105;&#112;&#101;&#108;&#97;&#103;&#46;se<\/a>.<\/p>\n\n<\/div>\n<\/div>\n\n<div class=\"wp-block-page-teasers bg-red-50 -mx-5 p-5 sm:mx-0 sm:p-8 xl:py-16\">\n      \n      <div class=\"container\">\n        <div\n          class=\"\n            w-full max-w-screen-xl mx-auto\n            space-y-8\n            grid-cols-12 gap-8\n            md:grid md:space-y-0\n          \"\n        >\n                      <div class=\"w-full space-y-2 col-span-4\">\n      <a\n        href=\"https:\/\/staging.artipelag.se\/exhibitions\/about-the-art-operations\/\"\n      >\n    <div class=\"mb-4 relative\">\n        <figure class=\"aspect-w-9 aspect-h-6\">\n          <img loading=\"lazy\" decoding=\"async\" width=\"400\" height=\"250\" src=\"https:\/\/staging.artipelag.se\/app\/uploads\/2015\/04\/omkonstverksamheten_250-400x250.jpg\" class=\"object-cover w-full rounded-sm\" alt=\"\" \/>\n        <\/figure>\n\n              <\/div>\n  <\/a>\n  \n  <div>\n          <h3 class=\"inline font-medium text-base\">\n        About the Art Operations.\n      <\/h3>\n    \n          <p class=\"inline\">\n        We wish that the visitors to Artipelag will enjoy the diversity of the exhibitions, which can encompass classical paintings alongside the modern masters and their contemporary colleagues.\n      <\/p>\n      <\/div>\n\n            <p class=\"space-y-2\">\n        <a\n        href=\"https:\/\/staging.artipelag.se\/exhibitions\/about-the-art-operations\/\"\n        class=\"text-green-900\"\n      >\n    Read more\n  <\/a>\n      <\/p>\n      <\/div>\n                      <div class=\"w-full space-y-2 col-span-4\">\n      <a\n        href=\"https:\/\/staging.artipelag.se\/exhibitions\/guided-tours\/\"\n      >\n    <div class=\"mb-4 relative\">\n        <figure class=\"aspect-w-9 aspect-h-6\">\n          <img loading=\"lazy\" decoding=\"async\" width=\"400\" height=\"250\" src=\"https:\/\/staging.artipelag.se\/app\/uploads\/2015\/04\/artpass_2502-400x250.jpg\" class=\"object-cover w-full rounded-sm\" alt=\"\" \/>\n        <\/figure>\n\n              <\/div>\n  <\/a>\n  \n  <div>\n          <h3 class=\"inline font-medium text-base\">\n        Guided Tours.\n      <\/h3>\n    \n          <p class=\"inline\">\n        Make more of your visit to Artipelag by joining a guided tour with one of our hosts.\n      <\/p>\n      <\/div>\n\n            <p class=\"space-y-2\">\n        <a\n        href=\"https:\/\/staging.artipelag.se\/exhibitions\/guided-tours\/\"\n        class=\"text-green-900\"\n      >\n    Read more\n  <\/a>\n      <\/p>\n      <\/div>\n                      <div class=\"w-full space-y-2 col-span-4\">\n      <a\n        href=\"https:\/\/staging.artipelag.se\/exhibitions\/previous-exhibitions\/\"\n      >\n    <div class=\"mb-4 relative\">\n        <figure class=\"aspect-w-9 aspect-h-6\">\n          <img loading=\"lazy\" decoding=\"async\" width=\"400\" height=\"250\" src=\"https:\/\/staging.artipelag.se\/app\/uploads\/2015\/04\/lmw250570-400x250.jpg\" class=\"object-cover w-full rounded-sm\" alt=\"\" \/>\n        <\/figure>\n\n              <\/div>\n  <\/a>\n  \n  <div>\n          <h3 class=\"inline font-medium text-base\">\n        Previous Exhibitions.\n      <\/h3>\n    \n          <p class=\"inline\">\n        Read about our previous exhibitions.\n      <\/p>\n      <\/div>\n\n            <p class=\"space-y-2\">\n        <a\n        href=\"https:\/\/staging.artipelag.se\/exhibitions\/previous-exhibitions\/\"\n        class=\"text-green-900\"\n      >\n    Read more\n  <\/a>\n      <\/p>\n      <\/div>\n                  <\/div>\n      <\/div>\n    <\/div>\n  \n\n<div class=\"wp-block-page-teasers bg-red-50 -mx-5 p-5 sm:mx-0 sm:p-8 xl:py-16\">\n      \n      <div class=\"container\">\n        <div\n          class=\"\n            w-full max-w-screen-xl mx-auto\n            space-y-8\n            grid-cols-12 gap-8\n            md:grid md:space-y-0\n          \"\n        >\n                      <div class=\"w-full space-y-2 col-span-6\">\n      <a\n        href=\"https:\/\/staging.artipelag.se\/exhibitions\/publications\/\"\n      >\n    <div class=\"mb-4 relative\">\n        <figure class=\"aspect-w-9 aspect-h-6\">\n          <img loading=\"lazy\" decoding=\"async\" width=\"570\" height=\"250\" src=\"https:\/\/staging.artipelag.se\/app\/uploads\/2015\/06\/publikationer_250.jpg\" class=\"object-cover w-full rounded-sm\" alt=\"\" \/>\n        <\/figure>\n\n              <\/div>\n  <\/a>\n  \n  <div>\n          <h3 class=\"inline font-medium text-base\">\n        Publications.\n      <\/h3>\n    \n          <p class=\"inline\">\n        Our exhibition catalogues and other publications  can be purchased in the Design Shop.\n      <\/p>\n      <\/div>\n\n            <p class=\"space-y-2\">\n        <a\n        href=\"https:\/\/staging.artipelag.se\/exhibitions\/publications\/\"\n        class=\"text-green-900\"\n      >\n    Read more\n  <\/a>\n      <\/p>\n      <\/div>\n                      <div class=\"w-full space-y-2 col-span-6\">\n      <a\n        href=\"https:\/\/staging.artipelag.se\/exhibitions\/artpass\/\"\n      >\n    <div class=\"mb-4 relative\">\n        <figure class=\"aspect-w-9 aspect-h-6\">\n          <img loading=\"lazy\" decoding=\"async\" width=\"570\" height=\"250\" src=\"https:\/\/staging.artipelag.se\/app\/uploads\/2019\/09\/artpass-570x250-px.jpg\" class=\"object-cover w-full rounded-sm\" alt=\"Art.Pass\" \/>\n        <\/figure>\n\n              <\/div>\n  <\/a>\n  \n  <div>\n          <h3 class=\"inline font-medium text-base\">\n        Art.Pass.\n      <\/h3>\n    \n          <p class=\"inline\">\n        The Art.Pass gives you free admission to our art exhibitions for twelve months. Discover more with Artipelag&#8217;s Art.Pass!\n      <\/p>\n      <\/div>\n\n            <p class=\"space-y-2\">\n        <a\n        href=\"https:\/\/staging.artipelag.se\/exhibitions\/artpass\/\"\n        class=\"text-green-900\"\n      >\n    Read more\n  <\/a>\n      <\/p>\n      <\/div>\n                  <\/div>\n      <\/div>\n    <\/div>\n  ","protected":false},"excerpt":{"rendered":"<p>Art.Pass is Artipelag\u2019s membership card, a 12 month unlimited-access card to the art exhibitions! Art.Pass can be purchased in the information on the ground floor and in our web shop. Art.Pass Includes Art.Pass does not include free admission to concerts and experiences in our event hall The Artbox, although Art.Pass members can receive special offers &hellip; <a href=\"https:\/\/staging.artipelag.se\/en\/about-the-art-operations\/artpass\/\">Continued<\/a><\/p>\n","protected":false},"author":1,"featured_media":4067,"parent":93,"menu_order":6,"comment_status":"closed","ping_status":"closed","template":"","meta":{"_acf_changed":false,"footnotes":""},"class_list":["post-51","page","type-page","status-publish","has-post-thumbnail","hentry"],"acf":[],"yoast_head":"<!-- This site is optimized with the Yoast SEO plugin v26.7 - https:\/\/yoast.com\/wordpress\/plugins\/seo\/ -->\n<title>Art.Pass - Artipelag<\/title>\n<meta name=\"description\" content=\"Art.Pass is Artipelag\u2019s membership card, a 12 month unlimited-access card to the artexhibitions. Buy your Art.Pass card here!\" \/>\n<meta name=\"robots\" content=\"noindex, follow, max-snippet:-1, max-image-preview:large, max-video-preview:-1\" \/>\n<meta property=\"og:locale\" content=\"en_US\" \/>\n<meta property=\"og:type\" content=\"article\" \/>\n<meta property=\"og:title\" content=\"Art.Pass - Artipelag\" \/>\n<meta property=\"og:description\" content=\"Art.Pass is Artipelag\u2019s membership card, a 12 month unlimited-access card to the artexhibitions. Buy your Art.Pass card here!\" \/>\n<meta property=\"og:url\" content=\"https:\/\/staging.artipelag.se\/en\/about-the-art-operations\/artpass\/\" \/>\n<meta property=\"og:site_name\" content=\"Artipelag\" \/>\n<meta property=\"article:publisher\" content=\"https:\/\/www.facebook.com\/artipelag\/\" \/>\n<meta property=\"article:modified_time\" content=\"2024-04-16T08:00:45+00:00\" \/>\n<meta property=\"og:image\" content=\"https:\/\/artipelag.se\/app\/uploads\/2015\/04\/bild_artpass.jpg\" \/>\n\t<meta property=\"og:image:width\" content=\"1170\" \/>\n\t<meta property=\"og:image:height\" content=\"488\" \/>\n\t<meta property=\"og:image:type\" content=\"image\/jpeg\" \/>\n<meta name=\"twitter:card\" content=\"summary_large_image\" \/>\n<meta name=\"twitter:site\" content=\"@artipelag\" \/>\n<meta name=\"twitter:label1\" content=\"Est. reading time\" \/>\n\t<meta name=\"twitter:data1\" content=\"1 minute\" \/>\n<script type=\"application\/ld+json\" class=\"yoast-schema-graph\">{\"@context\":\"https:\/\/schema.org\",\"@graph\":[{\"@type\":\"WebPage\",\"@id\":\"https:\/\/staging.artipelag.se\/en\/about-the-art-operations\/artpass\/\",\"url\":\"https:\/\/staging.artipelag.se\/en\/about-the-art-operations\/artpass\/\",\"name\":\"Art.Pass - Artipelag\",\"isPartOf\":{\"@id\":\"https:\/\/artipelag.se\/#website\"},\"primaryImageOfPage\":{\"@id\":\"https:\/\/staging.artipelag.se\/en\/about-the-art-operations\/artpass\/#primaryimage\"},\"image\":{\"@id\":\"https:\/\/staging.artipelag.se\/en\/about-the-art-operations\/artpass\/#primaryimage\"},\"thumbnailUrl\":\"https:\/\/staging.artipelag.se\/app\/uploads\/2015\/04\/bild_artpass.jpg\",\"datePublished\":\"2015-04-28T13:39:41+00:00\",\"dateModified\":\"2024-04-16T08:00:45+00:00\",\"description\":\"Art.Pass is Artipelag\u2019s membership card, a 12 month unlimited-access card to the artexhibitions. Buy your Art.Pass card here!\",\"breadcrumb\":{\"@id\":\"https:\/\/staging.artipelag.se\/en\/about-the-art-operations\/artpass\/#breadcrumb\"},\"inLanguage\":\"en-US\",\"potentialAction\":[{\"@type\":\"ReadAction\",\"target\":[\"https:\/\/staging.artipelag.se\/en\/about-the-art-operations\/artpass\/\"]}]},{\"@type\":\"ImageObject\",\"inLanguage\":\"en-US\",\"@id\":\"https:\/\/staging.artipelag.se\/en\/about-the-art-operations\/artpass\/#primaryimage\",\"url\":\"https:\/\/staging.artipelag.se\/app\/uploads\/2015\/04\/bild_artpass.jpg\",\"contentUrl\":\"https:\/\/staging.artipelag.se\/app\/uploads\/2015\/04\/bild_artpass.jpg\",\"width\":1170,\"height\":488},{\"@type\":\"BreadcrumbList\",\"@id\":\"https:\/\/staging.artipelag.se\/en\/about-the-art-operations\/artpass\/#breadcrumb\",\"itemListElement\":[{\"@type\":\"ListItem\",\"position\":1,\"name\":\"Hem\",\"item\":\"https:\/\/artipelag.se\/en\/\"},{\"@type\":\"ListItem\",\"position\":2,\"name\":\"Art.Pass\"}]},{\"@type\":\"WebSite\",\"@id\":\"https:\/\/artipelag.se\/#website\",\"url\":\"https:\/\/artipelag.se\/\",\"name\":\"Artipelag\",\"description\":\"Artipelag is a new international venue for art, good food, events and activities \u2013 beautifully set on V\u00e4rmd\u00f6 in the Stockholm Archipelago, just 20 minutes from the city centre.\",\"publisher\":{\"@id\":\"https:\/\/artipelag.se\/#organization\"},\"potentialAction\":[{\"@type\":\"SearchAction\",\"target\":{\"@type\":\"EntryPoint\",\"urlTemplate\":\"https:\/\/artipelag.se\/?s={search_term_string}\"},\"query-input\":{\"@type\":\"PropertyValueSpecification\",\"valueRequired\":true,\"valueName\":\"search_term_string\"}}],\"inLanguage\":\"en-US\"},{\"@type\":\"Organization\",\"@id\":\"https:\/\/artipelag.se\/#organization\",\"name\":\"Artipelag\",\"url\":\"https:\/\/artipelag.se\/\",\"logo\":{\"@type\":\"ImageObject\",\"inLanguage\":\"en-US\",\"@id\":\"https:\/\/artipelag.se\/#\/schema\/logo\/image\/\",\"url\":\"https:\/\/staging.artipelag.se\/app\/uploads\/2015\/09\/logga2.jpg\",\"contentUrl\":\"https:\/\/staging.artipelag.se\/app\/uploads\/2015\/09\/logga2.jpg\",\"width\":700,\"height\":700,\"caption\":\"Artipelag\"},\"image\":{\"@id\":\"https:\/\/artipelag.se\/#\/schema\/logo\/image\/\"},\"sameAs\":[\"https:\/\/www.facebook.com\/artipelag\/\",\"https:\/\/x.com\/artipelag\",\"https:\/\/www.instagram.com\/artipelag\/\",\"https:\/\/www.linkedin.com\/company\/artipelag\",\"https:\/\/www.youtube.com\/user\/ArtipelagSweden\"]}]}<\/script>\n<!-- \/ Yoast SEO plugin. -->","yoast_head_json":{"title":"Art.Pass - Artipelag","description":"Art.Pass is Artipelag\u2019s membership card, a 12 month unlimited-access card to the artexhibitions. Buy your Art.Pass card here!","robots":{"index":"noindex","follow":"follow","max-snippet":"max-snippet:-1","max-image-preview":"max-image-preview:large","max-video-preview":"max-video-preview:-1"},"og_locale":"en_US","og_type":"article","og_title":"Art.Pass - Artipelag","og_description":"Art.Pass is Artipelag\u2019s membership card, a 12 month unlimited-access card to the artexhibitions. Buy your Art.Pass card here!","og_url":"https:\/\/staging.artipelag.se\/en\/about-the-art-operations\/artpass\/","og_site_name":"Artipelag","article_publisher":"https:\/\/www.facebook.com\/artipelag\/","article_modified_time":"2024-04-16T08:00:45+00:00","og_image":[{"width":1170,"height":488,"url":"https:\/\/artipelag.se\/app\/uploads\/2015\/04\/bild_artpass.jpg","type":"image\/jpeg"}],"twitter_card":"summary_large_image","twitter_site":"@artipelag","twitter_misc":{"Est. reading time":"1 minute"},"schema":{"@context":"https:\/\/schema.org","@graph":[{"@type":"WebPage","@id":"https:\/\/staging.artipelag.se\/en\/about-the-art-operations\/artpass\/","url":"https:\/\/staging.artipelag.se\/en\/about-the-art-operations\/artpass\/","name":"Art.Pass - Artipelag","isPartOf":{"@id":"https:\/\/artipelag.se\/#website"},"primaryImageOfPage":{"@id":"https:\/\/staging.artipelag.se\/en\/about-the-art-operations\/artpass\/#primaryimage"},"image":{"@id":"https:\/\/staging.artipelag.se\/en\/about-the-art-operations\/artpass\/#primaryimage"},"thumbnailUrl":"https:\/\/staging.artipelag.se\/app\/uploads\/2015\/04\/bild_artpass.jpg","datePublished":"2015-04-28T13:39:41+00:00","dateModified":"2024-04-16T08:00:45+00:00","description":"Art.Pass is Artipelag\u2019s membership card, a 12 month unlimited-access card to the artexhibitions. Buy your Art.Pass card here!","breadcrumb":{"@id":"https:\/\/staging.artipelag.se\/en\/about-the-art-operations\/artpass\/#breadcrumb"},"inLanguage":"en-US","potentialAction":[{"@type":"ReadAction","target":["https:\/\/staging.artipelag.se\/en\/about-the-art-operations\/artpass\/"]}]},{"@type":"ImageObject","inLanguage":"en-US","@id":"https:\/\/staging.artipelag.se\/en\/about-the-art-operations\/artpass\/#primaryimage","url":"https:\/\/staging.artipelag.se\/app\/uploads\/2015\/04\/bild_artpass.jpg","contentUrl":"https:\/\/staging.artipelag.se\/app\/uploads\/2015\/04\/bild_artpass.jpg","width":1170,"height":488},{"@type":"BreadcrumbList","@id":"https:\/\/staging.artipelag.se\/en\/about-the-art-operations\/artpass\/#breadcrumb","itemListElement":[{"@type":"ListItem","position":1,"name":"Hem","item":"https:\/\/artipelag.se\/en\/"},{"@type":"ListItem","position":2,"name":"Art.Pass"}]},{"@type":"WebSite","@id":"https:\/\/artipelag.se\/#website","url":"https:\/\/artipelag.se\/","name":"Artipelag","description":"Artipelag is a new international venue for art, good food, events and activities \u2013 beautifully set on V\u00e4rmd\u00f6 in the Stockholm Archipelago, just 20 minutes from the city centre.","publisher":{"@id":"https:\/\/artipelag.se\/#organization"},"potentialAction":[{"@type":"SearchAction","target":{"@type":"EntryPoint","urlTemplate":"https:\/\/artipelag.se\/?s={search_term_string}"},"query-input":{"@type":"PropertyValueSpecification","valueRequired":true,"valueName":"search_term_string"}}],"inLanguage":"en-US"},{"@type":"Organization","@id":"https:\/\/artipelag.se\/#organization","name":"Artipelag","url":"https:\/\/artipelag.se\/","logo":{"@type":"ImageObject","inLanguage":"en-US","@id":"https:\/\/artipelag.se\/#\/schema\/logo\/image\/","url":"https:\/\/staging.artipelag.se\/app\/uploads\/2015\/09\/logga2.jpg","contentUrl":"https:\/\/staging.artipelag.se\/app\/uploads\/2015\/09\/logga2.jpg","width":700,"height":700,"caption":"Artipelag"},"image":{"@id":"https:\/\/artipelag.se\/#\/schema\/logo\/image\/"},"sameAs":["https:\/\/www.facebook.com\/artipelag\/","https:\/\/x.com\/artipelag","https:\/\/www.instagram.com\/artipelag\/","https:\/\/www.linkedin.com\/company\/artipelag","https:\/\/www.youtube.com\/user\/ArtipelagSweden"]}]}},"_links":{"self":[{"href":"https:\/\/staging.artipelag.se\/en\/wp-json\/wp\/v2\/pages\/51","targetHints":{"allow":["GET"]}}],"collection":[{"href":"https:\/\/staging.artipelag.se\/en\/wp-json\/wp\/v2\/pages"}],"about":[{"href":"https:\/\/staging.artipelag.se\/en\/wp-json\/wp\/v2\/types\/page"}],"author":[{"embeddable":true,"href":"https:\/\/staging.artipelag.se\/en\/wp-json\/wp\/v2\/users\/1"}],"replies":[{"embeddable":true,"href":"https:\/\/staging.artipelag.se\/en\/wp-json\/wp\/v2\/comments?post=51"}],"version-history":[{"count":10,"href":"https:\/\/staging.artipelag.se\/en\/wp-json\/wp\/v2\/pages\/51\/revisions"}],"predecessor-version":[{"id":72124,"href":"https:\/\/staging.artipelag.se\/en\/wp-json\/wp\/v2\/pages\/51\/revisions\/72124"}],"up":[{"embeddable":true,"href":"https:\/\/staging.artipelag.se\/en\/wp-json\/wp\/v2\/pages\/93"}],"wp:featuredmedia":[{"embeddable":true,"href":"https:\/\/staging.artipelag.se\/en\/wp-json\/wp\/v2\/media\/4067"}],"wp:attachment":[{"href":"https:\/\/staging.artipelag.se\/en\/wp-json\/wp\/v2\/media?parent=51"}],"curies":[{"name":"wp","href":"https:\/\/api.w.org\/{rel}","templated":true}]}}